{"id":108429,"date":"2025-07-03T14:40:38","date_gmt":"2025-07-03T12:40:38","guid":{"rendered":"https:\/\/www.bel-oeil.com\/produit\/corker-tables\/"},"modified":"2025-07-03T14:40:38","modified_gmt":"2025-07-03T12:40:38","slug":"corker-tables","status":"publish","type":"product","link":"https:\/\/www.bel-oeil.com\/en\/produit\/corker-tables\/","title":{"rendered":"Corker Tables"},"content":{"rendered":"<p data-start=\"97\" data-end=\"276\">Designed by Herzog &amp; de Meuron for ClassiCon, the Corker pieces are sculptural solid cork forms, versatile as side tables or stools.<br data-start=\"249\" data-end=\"252\" \/>Available in two models:<\/p>\n<ul>\n<li data-start=\"278\" data-end=\"745\">Corker 1: diameter 19.7 in, height 15.7 in \u2013 \u20ac1,228 VAT included<br data-start=\"342\" data-end=\"345\" \/>Corker 2: diameter 18.5 in, height 18.9 in \u2013 \u20ac1,280 VAT included<\/li>\n<\/ul>\n<p>&nbsp;<\/p>\n<p>Each version reveals a warm, natural texture, perfect for both contemporary and rustic interiors. Cork, a sustainable and lightweight material, gives these pieces an organic character, combining aesthetics and functionality.<br data-start=\"636\" data-end=\"639\" \/>These solid cork tables or stools are ideal to bring a design and eco-friendly touch to your living space.<\/p>\n<p data-start=\"747\" data-end=\"813\">Discover them at our showroom in <a href=\"https:\/\/www.bel-oeil.com\/en\/contacts\/\">Nice \u2013 12 rue Emmanuel Philibert<\/a>.<\/p>\n","protected":false},"excerpt":{"rendered":"<p>Solid cork Corker tables or stools.<\/p>\n<p>Models<\/p>\n<ul>\n<li><strong>Corker 1<\/strong>: \u00d819.7 x H15.7 in,<\/li>\n<li><strong>Corker 2<\/strong>: \u00d818.5 x H18.9 in.<\/li>\n<\/ul>\n<p>Natural, lightweight, and durable texture.<\/p>\n<p>\u00a0<\/p>\n<p>Discover them at our showroom at <a href=\"https:\/\/www.bel-oeil.com\/en\/contacts\/\">Nice \u2013 12 rue Emmanuel Philibert.<\/a><\/p>\n","protected":false},"featured_media":117174,"template":"","meta":{"inline_featured_image":false},"pwb-brand":[5123],"product_brand":[],"product_cat":[5444,5334,5459],"product_tag":[5490],"class_list":{"0":"post-108429","1":"product","2":"type-product","3":"status-publish","4":"has-post-thumbnail","6":"pwb-brand-classicon","7":"product_cat-coffee-table","8":"product_cat-good-deals","9":"product_cat-stools","10":"product_tag-herzog-de-meuron-en","12":"first","13":"instock","14":"sale","15":"taxable","16":"shipping-taxable","17":"purchasable","18":"product-type-simple"},"yoast_head":"<!-- This site is optimized with the Yoast SEO plugin v27.4 - https:\/\/yoast.com\/product\/yoast-seo-wordpress\/ -->\n<title>Corker Tables - Bel-\u0152il<\/title>\n<meta name=\"description\" content=\"Corker tables and stools by ClassiCon, Herzog &amp; de Meuron, solid cork, \u00d850xH40cm and \u00d847xH48cm, organic design, available in Nice.\" \/>\n<meta name=\"robots\" content=\"index, follow, max-snippet:-1, max-image-preview:large, max-video-preview:-1\" \/>\n<link rel=\"canonical\" href=\"https:\/\/www.bel-oeil.com\/en\/produit\/corker-tables\/\" \/>\n<script type=\"application\/ld+json\" class=\"yoast-schema-graph\">{\"@context\":\"https:\\\/\\\/schema.org\",\"@graph\":[{\"@type\":\"WebPage\",\"@id\":\"https:\\\/\\\/www.bel-oeil.com\\\/en\\\/produit\\\/corker-tables\\\/\",\"url\":\"https:\\\/\\\/www.bel-oeil.com\\\/en\\\/produit\\\/corker-tables\\\/\",\"name\":\"Corker Tables - Bel-\u0152il\",\"isPartOf\":{\"@id\":\"https:\\\/\\\/www.bel-oeil.com\\\/en\\\/#website\"},\"primaryImageOfPage\":{\"@id\":\"https:\\\/\\\/www.bel-oeil.com\\\/en\\\/produit\\\/corker-tables\\\/#primaryimage\"},\"image\":{\"@id\":\"https:\\\/\\\/www.bel-oeil.com\\\/en\\\/produit\\\/corker-tables\\\/#primaryimage\"},\"thumbnailUrl\":\"https:\\\/\\\/www.bel-oeil.com\\\/wp-content\\\/uploads\\\/2025\\\/01\\\/Stock-Classicon-Corker-1.jpg\",\"datePublished\":\"2025-07-03T12:40:38+00:00\",\"description\":\"Corker tables and stools by ClassiCon, Herzog & de Meuron, solid cork, \u00d850xH40cm and \u00d847xH48cm, organic design, available in Nice.\",\"breadcrumb\":{\"@id\":\"https:\\\/\\\/www.bel-oeil.com\\\/en\\\/produit\\\/corker-tables\\\/#breadcrumb\"},\"inLanguage\":\"en-US\",\"potentialAction\":[{\"@type\":\"ReadAction\",\"target\":[\"https:\\\/\\\/www.bel-oeil.com\\\/en\\\/produit\\\/corker-tables\\\/\"]}]},{\"@type\":\"ImageObject\",\"inLanguage\":\"en-US\",\"@id\":\"https:\\\/\\\/www.bel-oeil.com\\\/en\\\/produit\\\/corker-tables\\\/#primaryimage\",\"url\":\"https:\\\/\\\/www.bel-oeil.com\\\/wp-content\\\/uploads\\\/2025\\\/01\\\/Stock-Classicon-Corker-1.jpg\",\"contentUrl\":\"https:\\\/\\\/www.bel-oeil.com\\\/wp-content\\\/uploads\\\/2025\\\/01\\\/Stock-Classicon-Corker-1.jpg\",\"width\":520,\"height\":520,\"caption\":\"Corker 1 Herzog & de Meuron ClassiCon, table basse tabouret li\u00e8ge massif naturel \u00d850 \u00d7 H40 cm, design organique sculptural haut de gamme ClassiCon pour int\u00e9rieur luxe Nice Cannes Monaco, ensemblier d\u00e9corateur Bel \u0152il expert am\u00e9nagement villa appartement contemporain C\u00f4te d'Azur, pi\u00e8ce polyvalente texture chaleureuse \u00e9cologique durable, meuble d'appoint salon raffin\u00e9 professionnel Bel \u0152il showroom Nice, d\u00e9coration int\u00e9rieure chaleureuse mat\u00e9riaux naturels authentiques exclusif ClassiCon\"},{\"@type\":\"BreadcrumbList\",\"@id\":\"https:\\\/\\\/www.bel-oeil.com\\\/en\\\/produit\\\/corker-tables\\\/#breadcrumb\",\"itemListElement\":[{\"@type\":\"ListItem\",\"position\":1,\"name\":\"Accueil\",\"item\":\"https:\\\/\\\/www.bel-oeil.com\\\/en\\\/\"},{\"@type\":\"ListItem\",\"position\":2,\"name\":\"Products\",\"item\":\"https:\\\/\\\/www.bel-oeil.com\\\/en\\\/shop\\\/\"},{\"@type\":\"ListItem\",\"position\":3,\"name\":\"Corker Tables\"}]},{\"@type\":\"WebSite\",\"@id\":\"https:\\\/\\\/www.bel-oeil.com\\\/en\\\/#website\",\"url\":\"https:\\\/\\\/www.bel-oeil.com\\\/en\\\/\",\"name\":\"Bel-\u0152il\",\"description\":\"Born to Design\",\"publisher\":{\"@id\":\"https:\\\/\\\/www.bel-oeil.com\\\/en\\\/#organization\"},\"potentialAction\":[{\"@type\":\"SearchAction\",\"target\":{\"@type\":\"EntryPoint\",\"urlTemplate\":\"https:\\\/\\\/www.bel-oeil.com\\\/en\\\/?s={search_term_string}\"},\"query-input\":{\"@type\":\"PropertyValueSpecification\",\"valueRequired\":true,\"valueName\":\"search_term_string\"}}],\"inLanguage\":\"en-US\"},{\"@type\":\"Organization\",\"@id\":\"https:\\\/\\\/www.bel-oeil.com\\\/en\\\/#organization\",\"name\":\"Bel-\u0152il\",\"url\":\"https:\\\/\\\/www.bel-oeil.com\\\/en\\\/\",\"logo\":{\"@type\":\"ImageObject\",\"inLanguage\":\"en-US\",\"@id\":\"https:\\\/\\\/www.bel-oeil.com\\\/en\\\/#\\\/schema\\\/logo\\\/image\\\/\",\"url\":\"https:\\\/\\\/www.bel-oeil.com\\\/wp-content\\\/uploads\\\/2021\\\/10\\\/logo-bel-oeil-blanc.svg\",\"contentUrl\":\"https:\\\/\\\/www.bel-oeil.com\\\/wp-content\\\/uploads\\\/2021\\\/10\\\/logo-bel-oeil-blanc.svg\",\"caption\":\"Bel-\u0152il\"},\"image\":{\"@id\":\"https:\\\/\\\/www.bel-oeil.com\\\/en\\\/#\\\/schema\\\/logo\\\/image\\\/\"},\"sameAs\":[\"https:\\\/\\\/www.linkedin.com\\\/company\\\/beloeilinteriordesign\\\/\"]}]}<\/script>\n<!-- \/ Yoast SEO plugin. -->","yoast_head_json":{"title":"Corker Tables - Bel-\u0152il","description":"Corker tables and stools by ClassiCon, Herzog & de Meuron, solid cork, \u00d850xH40cm and \u00d847xH48cm, organic design, available in Nice.","robots":{"index":"index","follow":"follow","max-snippet":"max-snippet:-1","max-image-preview":"max-image-preview:large","max-video-preview":"max-video-preview:-1"},"canonical":"https:\/\/www.bel-oeil.com\/en\/produit\/corker-tables\/","schema":{"@context":"https:\/\/schema.org","@graph":[{"@type":"WebPage","@id":"https:\/\/www.bel-oeil.com\/en\/produit\/corker-tables\/","url":"https:\/\/www.bel-oeil.com\/en\/produit\/corker-tables\/","name":"Corker Tables - Bel-\u0152il","isPartOf":{"@id":"https:\/\/www.bel-oeil.com\/en\/#website"},"primaryImageOfPage":{"@id":"https:\/\/www.bel-oeil.com\/en\/produit\/corker-tables\/#primaryimage"},"image":{"@id":"https:\/\/www.bel-oeil.com\/en\/produit\/corker-tables\/#primaryimage"},"thumbnailUrl":"https:\/\/www.bel-oeil.com\/wp-content\/uploads\/2025\/01\/Stock-Classicon-Corker-1.jpg","datePublished":"2025-07-03T12:40:38+00:00","description":"Corker tables and stools by ClassiCon, Herzog & de Meuron, solid cork, \u00d850xH40cm and \u00d847xH48cm, organic design, available in Nice.","breadcrumb":{"@id":"https:\/\/www.bel-oeil.com\/en\/produit\/corker-tables\/#breadcrumb"},"inLanguage":"en-US","potentialAction":[{"@type":"ReadAction","target":["https:\/\/www.bel-oeil.com\/en\/produit\/corker-tables\/"]}]},{"@type":"ImageObject","inLanguage":"en-US","@id":"https:\/\/www.bel-oeil.com\/en\/produit\/corker-tables\/#primaryimage","url":"https:\/\/www.bel-oeil.com\/wp-content\/uploads\/2025\/01\/Stock-Classicon-Corker-1.jpg","contentUrl":"https:\/\/www.bel-oeil.com\/wp-content\/uploads\/2025\/01\/Stock-Classicon-Corker-1.jpg","width":520,"height":520,"caption":"Corker 1 Herzog & de Meuron ClassiCon, table basse tabouret li\u00e8ge massif naturel \u00d850 \u00d7 H40 cm, design organique sculptural haut de gamme ClassiCon pour int\u00e9rieur luxe Nice Cannes Monaco, ensemblier d\u00e9corateur Bel \u0152il expert am\u00e9nagement villa appartement contemporain C\u00f4te d'Azur, pi\u00e8ce polyvalente texture chaleureuse \u00e9cologique durable, meuble d'appoint salon raffin\u00e9 professionnel Bel \u0152il showroom Nice, d\u00e9coration int\u00e9rieure chaleureuse mat\u00e9riaux naturels authentiques exclusif ClassiCon"},{"@type":"BreadcrumbList","@id":"https:\/\/www.bel-oeil.com\/en\/produit\/corker-tables\/#breadcrumb","itemListElement":[{"@type":"ListItem","position":1,"name":"Accueil","item":"https:\/\/www.bel-oeil.com\/en\/"},{"@type":"ListItem","position":2,"name":"Products","item":"https:\/\/www.bel-oeil.com\/en\/shop\/"},{"@type":"ListItem","position":3,"name":"Corker Tables"}]},{"@type":"WebSite","@id":"https:\/\/www.bel-oeil.com\/en\/#website","url":"https:\/\/www.bel-oeil.com\/en\/","name":"Bel-\u0152il","description":"Born to Design","publisher":{"@id":"https:\/\/www.bel-oeil.com\/en\/#organization"},"potentialAction":[{"@type":"SearchAction","target":{"@type":"EntryPoint","urlTemplate":"https:\/\/www.bel-oeil.com\/en\/?s={search_term_string}"},"query-input":{"@type":"PropertyValueSpecification","valueRequired":true,"valueName":"search_term_string"}}],"inLanguage":"en-US"},{"@type":"Organization","@id":"https:\/\/www.bel-oeil.com\/en\/#organization","name":"Bel-\u0152il","url":"https:\/\/www.bel-oeil.com\/en\/","logo":{"@type":"ImageObject","inLanguage":"en-US","@id":"https:\/\/www.bel-oeil.com\/en\/#\/schema\/logo\/image\/","url":"https:\/\/www.bel-oeil.com\/wp-content\/uploads\/2021\/10\/logo-bel-oeil-blanc.svg","contentUrl":"https:\/\/www.bel-oeil.com\/wp-content\/uploads\/2021\/10\/logo-bel-oeil-blanc.svg","caption":"Bel-\u0152il"},"image":{"@id":"https:\/\/www.bel-oeil.com\/en\/#\/schema\/logo\/image\/"},"sameAs":["https:\/\/www.linkedin.com\/company\/beloeilinteriordesign\/"]}]}},"brands":[{"id":5123,"name":"Classicon","slug":"classicon"}],"_links":{"self":[{"href":"https:\/\/www.bel-oeil.com\/en\/wp-json\/wp\/v2\/product\/108429","targetHints":{"allow":["GET"]}}],"collection":[{"href":"https:\/\/www.bel-oeil.com\/en\/wp-json\/wp\/v2\/product"}],"about":[{"href":"https:\/\/www.bel-oeil.com\/en\/wp-json\/wp\/v2\/types\/product"}],"version-history":[{"count":0,"href":"https:\/\/www.bel-oeil.com\/en\/wp-json\/wp\/v2\/product\/108429\/revisions"}],"wp:featuredmedia":[{"embeddable":true,"href":"https:\/\/www.bel-oeil.com\/en\/wp-json\/wp\/v2\/media\/117174"}],"wp:attachment":[{"href":"https:\/\/www.bel-oeil.com\/en\/wp-json\/wp\/v2\/media?parent=108429"}],"wp:term":[{"taxonomy":"pwb-brand","embeddable":true,"href":"https:\/\/www.bel-oeil.com\/en\/wp-json\/wp\/v2\/pwb-brand?post=108429"},{"taxonomy":"product_brand","embeddable":true,"href":"https:\/\/www.bel-oeil.com\/en\/wp-json\/wp\/v2\/product_brand?post=108429"},{"taxonomy":"product_cat","embeddable":true,"href":"https:\/\/www.bel-oeil.com\/en\/wp-json\/wp\/v2\/product_cat?post=108429"},{"taxonomy":"product_tag","embeddable":true,"href":"https:\/\/www.bel-oeil.com\/en\/wp-json\/wp\/v2\/product_tag?post=108429"}],"curies":[{"name":"wp","href":"https:\/\/api.w.org\/{rel}","templated":true}]}}