{"id":108396,"date":"2025-07-03T12:31:27","date_gmt":"2025-07-03T10:31:27","guid":{"rendered":"https:\/\/www.bel-oeil.com\/produit\/paludis-counter-stool\/"},"modified":"2025-07-03T12:31:27","modified_gmt":"2025-07-03T10:31:27","slug":"paludis-counter-stool","status":"publish","type":"product","link":"https:\/\/www.bel-oeil.com\/en\/produit\/paludis-counter-stool\/","title":{"rendered":"Paludis Counter Stool"},"content":{"rendered":"<p data-start=\"92\" data-end=\"472\">Designed by Giandomenico Belotti for Alias, the Paludis counter stool pays tribute to Italian artisanal techniques by blending contemporary aesthetics with traditional craftsmanship. Its sand lacquered metal frame offers lightness and durability, while the woven straw seat and backrest, in tobacco color, evoke the warm interiors of the Mediterranean.<\/p>\n<p data-start=\"474\" data-end=\"714\">Compact and refined, this stool combines clean lines and comfort, making it ideal for a counter or kitchen island. Its airy silhouette and meticulous finish make it a piece full of character, perfect for modern spaces with a natural spirit.<\/p>\n<p data-start=\"716\" data-end=\"780\">Discover it at our showroom in <a href=\"https:\/\/www.bel-oeil.com\/en\/contacts\/\">Nice \u2013 12 rue Emmanuel Philibert<\/a>.<\/p>\n","protected":false},"excerpt":{"rendered":"<p data-start=\"943\" data-end=\"1028\">Sand lacquered frame.<br data-start=\"965\" data-end=\"968\" \/>Seat and backrest in tobacco straw.<\/p>\n<p data-start=\"943\" data-end=\"1028\">Dimensions: 17.3&#8243; x 19.3&#8243; x H 37.8&#8243; (44 x 49 x H 96 cm)<\/p>\n<p data-start=\"1030\" data-end=\"1095\">\n<p data-start=\"1030\" data-end=\"1095\">Discover it at our showroom in <a href=\"https:\/\/www.bel-oeil.com\/en\/contacts\/\">Nice \u2013 12 rue Emmanuel Philibert<\/a>.<\/p>\n","protected":false},"featured_media":106633,"template":"","meta":{"inline_featured_image":false},"pwb-brand":[5354],"product_brand":[],"product_cat":[5334,5459],"product_tag":[5478],"class_list":{"0":"post-108396","1":"product","2":"type-product","3":"status-publish","4":"has-post-thumbnail","6":"pwb-brand-alias","7":"product_cat-good-deals","8":"product_cat-stools","9":"product_tag-gerrit-rietveld-en","11":"first","12":"instock","13":"sale","14":"taxable","15":"shipping-taxable","16":"purchasable","17":"product-type-simple"},"yoast_head":"<!-- This site is optimized with the Yoast SEO plugin v27.4 - https:\/\/yoast.com\/product\/yoast-seo-wordpress\/ -->\n<title>Paludis Counter Stool - Bel-\u0152il<\/title>\n<meta name=\"description\" content=\"Discover the Paludis counter stool by Alias, designed by Giandomenico Belotti. Sand lacquered frame and tobacco straw. Available at our showroom in Nice.\" \/>\n<meta name=\"robots\" content=\"index, follow, max-snippet:-1, max-image-preview:large, max-video-preview:-1\" \/>\n<link rel=\"canonical\" href=\"https:\/\/www.bel-oeil.com\/en\/produit\/paludis-counter-stool\/\" \/>\n<script type=\"application\/ld+json\" class=\"yoast-schema-graph\">{\"@context\":\"https:\\\/\\\/schema.org\",\"@graph\":[{\"@type\":\"WebPage\",\"@id\":\"https:\\\/\\\/www.bel-oeil.com\\\/en\\\/produit\\\/paludis-counter-stool\\\/\",\"url\":\"https:\\\/\\\/www.bel-oeil.com\\\/en\\\/produit\\\/paludis-counter-stool\\\/\",\"name\":\"Paludis Counter Stool - Bel-\u0152il\",\"isPartOf\":{\"@id\":\"https:\\\/\\\/www.bel-oeil.com\\\/en\\\/#website\"},\"primaryImageOfPage\":{\"@id\":\"https:\\\/\\\/www.bel-oeil.com\\\/en\\\/produit\\\/paludis-counter-stool\\\/#primaryimage\"},\"image\":{\"@id\":\"https:\\\/\\\/www.bel-oeil.com\\\/en\\\/produit\\\/paludis-counter-stool\\\/#primaryimage\"},\"thumbnailUrl\":\"https:\\\/\\\/www.bel-oeil.com\\\/wp-content\\\/uploads\\\/2024\\\/09\\\/Alais-Paludis.jpg\",\"datePublished\":\"2025-07-03T10:31:27+00:00\",\"description\":\"Discover the Paludis counter stool by Alias, designed by Giandomenico Belotti. Sand lacquered frame and tobacco straw. Available at our showroom in Nice.\",\"breadcrumb\":{\"@id\":\"https:\\\/\\\/www.bel-oeil.com\\\/en\\\/produit\\\/paludis-counter-stool\\\/#breadcrumb\"},\"inLanguage\":\"en-US\",\"potentialAction\":[{\"@type\":\"ReadAction\",\"target\":[\"https:\\\/\\\/www.bel-oeil.com\\\/en\\\/produit\\\/paludis-counter-stool\\\/\"]}]},{\"@type\":\"ImageObject\",\"inLanguage\":\"en-US\",\"@id\":\"https:\\\/\\\/www.bel-oeil.com\\\/en\\\/produit\\\/paludis-counter-stool\\\/#primaryimage\",\"url\":\"https:\\\/\\\/www.bel-oeil.com\\\/wp-content\\\/uploads\\\/2024\\\/09\\\/Alais-Paludis.jpg\",\"contentUrl\":\"https:\\\/\\\/www.bel-oeil.com\\\/wp-content\\\/uploads\\\/2024\\\/09\\\/Alais-Paludis.jpg\",\"width\":1599,\"height\":1599,\"caption\":\"Tabouret Paludis Giandomenico Belotti Alias, tabouret de comptoir contemporain alliant \u00e9l\u00e9gance et artisanat italien, structure en m\u00e9tal laqu\u00e9 sable robuste et l\u00e9g\u00e8re, assise et dossier en paille tress\u00e9e coloris tabac rappelant les int\u00e9rieurs m\u00e9diterran\u00e9ens chaleureux, design \u00e9pur\u00e9 et raffin\u00e9 adapt\u00e9 aux bars, \u00eelots centraux et cuisines modernes, confort optimal gr\u00e2ce \u00e0 l\u2019assise ergonomique et au dossier l\u00e9g\u00e8rement incurv\u00e9, meuble haut de gamme con\u00e7u par Giandomenico Belotti pour Alias, alliant esth\u00e9tique, fonctionnalit\u00e9 et durabilit\u00e9, parfait pour espaces contemporains, minimalistes ou naturels, pi\u00e8ce iconique qui met en valeur le savoir-faire artisanal et la qualit\u00e9 des mat\u00e9riaux, id\u00e9al pour une utilisation quotidienne tout en conservant un style distinctif et moderne, soulignant l\u2019attention port\u00e9e aux finitions et aux d\u00e9tails. Ce tabouret compact de 44 x 49 x H 96 cm offre une pr\u00e9sence l\u00e9g\u00e8re et une int\u00e9gration harmonieuse dans tout int\u00e9rieur contemporain, salon ou coin bar, combinant confort, style et \u00e9l\u00e9gance.\"},{\"@type\":\"BreadcrumbList\",\"@id\":\"https:\\\/\\\/www.bel-oeil.com\\\/en\\\/produit\\\/paludis-counter-stool\\\/#breadcrumb\",\"itemListElement\":[{\"@type\":\"ListItem\",\"position\":1,\"name\":\"Accueil\",\"item\":\"https:\\\/\\\/www.bel-oeil.com\\\/en\\\/\"},{\"@type\":\"ListItem\",\"position\":2,\"name\":\"Products\",\"item\":\"https:\\\/\\\/www.bel-oeil.com\\\/en\\\/shop\\\/\"},{\"@type\":\"ListItem\",\"position\":3,\"name\":\"Paludis Counter Stool\"}]},{\"@type\":\"WebSite\",\"@id\":\"https:\\\/\\\/www.bel-oeil.com\\\/en\\\/#website\",\"url\":\"https:\\\/\\\/www.bel-oeil.com\\\/en\\\/\",\"name\":\"Bel-\u0152il\",\"description\":\"Born to Design\",\"publisher\":{\"@id\":\"https:\\\/\\\/www.bel-oeil.com\\\/en\\\/#organization\"},\"potentialAction\":[{\"@type\":\"SearchAction\",\"target\":{\"@type\":\"EntryPoint\",\"urlTemplate\":\"https:\\\/\\\/www.bel-oeil.com\\\/en\\\/?s={search_term_string}\"},\"query-input\":{\"@type\":\"PropertyValueSpecification\",\"valueRequired\":true,\"valueName\":\"search_term_string\"}}],\"inLanguage\":\"en-US\"},{\"@type\":\"Organization\",\"@id\":\"https:\\\/\\\/www.bel-oeil.com\\\/en\\\/#organization\",\"name\":\"Bel-\u0152il\",\"url\":\"https:\\\/\\\/www.bel-oeil.com\\\/en\\\/\",\"logo\":{\"@type\":\"ImageObject\",\"inLanguage\":\"en-US\",\"@id\":\"https:\\\/\\\/www.bel-oeil.com\\\/en\\\/#\\\/schema\\\/logo\\\/image\\\/\",\"url\":\"https:\\\/\\\/www.bel-oeil.com\\\/wp-content\\\/uploads\\\/2021\\\/10\\\/logo-bel-oeil-blanc.svg\",\"contentUrl\":\"https:\\\/\\\/www.bel-oeil.com\\\/wp-content\\\/uploads\\\/2021\\\/10\\\/logo-bel-oeil-blanc.svg\",\"caption\":\"Bel-\u0152il\"},\"image\":{\"@id\":\"https:\\\/\\\/www.bel-oeil.com\\\/en\\\/#\\\/schema\\\/logo\\\/image\\\/\"},\"sameAs\":[\"https:\\\/\\\/www.linkedin.com\\\/company\\\/beloeilinteriordesign\\\/\"]}]}<\/script>\n<!-- \/ Yoast SEO plugin. -->","yoast_head_json":{"title":"Paludis Counter Stool - Bel-\u0152il","description":"Discover the Paludis counter stool by Alias, designed by Giandomenico Belotti. Sand lacquered frame and tobacco straw. Available at our showroom in Nice.","robots":{"index":"index","follow":"follow","max-snippet":"max-snippet:-1","max-image-preview":"max-image-preview:large","max-video-preview":"max-video-preview:-1"},"canonical":"https:\/\/www.bel-oeil.com\/en\/produit\/paludis-counter-stool\/","schema":{"@context":"https:\/\/schema.org","@graph":[{"@type":"WebPage","@id":"https:\/\/www.bel-oeil.com\/en\/produit\/paludis-counter-stool\/","url":"https:\/\/www.bel-oeil.com\/en\/produit\/paludis-counter-stool\/","name":"Paludis Counter Stool - Bel-\u0152il","isPartOf":{"@id":"https:\/\/www.bel-oeil.com\/en\/#website"},"primaryImageOfPage":{"@id":"https:\/\/www.bel-oeil.com\/en\/produit\/paludis-counter-stool\/#primaryimage"},"image":{"@id":"https:\/\/www.bel-oeil.com\/en\/produit\/paludis-counter-stool\/#primaryimage"},"thumbnailUrl":"https:\/\/www.bel-oeil.com\/wp-content\/uploads\/2024\/09\/Alais-Paludis.jpg","datePublished":"2025-07-03T10:31:27+00:00","description":"Discover the Paludis counter stool by Alias, designed by Giandomenico Belotti. Sand lacquered frame and tobacco straw. Available at our showroom in Nice.","breadcrumb":{"@id":"https:\/\/www.bel-oeil.com\/en\/produit\/paludis-counter-stool\/#breadcrumb"},"inLanguage":"en-US","potentialAction":[{"@type":"ReadAction","target":["https:\/\/www.bel-oeil.com\/en\/produit\/paludis-counter-stool\/"]}]},{"@type":"ImageObject","inLanguage":"en-US","@id":"https:\/\/www.bel-oeil.com\/en\/produit\/paludis-counter-stool\/#primaryimage","url":"https:\/\/www.bel-oeil.com\/wp-content\/uploads\/2024\/09\/Alais-Paludis.jpg","contentUrl":"https:\/\/www.bel-oeil.com\/wp-content\/uploads\/2024\/09\/Alais-Paludis.jpg","width":1599,"height":1599,"caption":"Tabouret Paludis Giandomenico Belotti Alias, tabouret de comptoir contemporain alliant \u00e9l\u00e9gance et artisanat italien, structure en m\u00e9tal laqu\u00e9 sable robuste et l\u00e9g\u00e8re, assise et dossier en paille tress\u00e9e coloris tabac rappelant les int\u00e9rieurs m\u00e9diterran\u00e9ens chaleureux, design \u00e9pur\u00e9 et raffin\u00e9 adapt\u00e9 aux bars, \u00eelots centraux et cuisines modernes, confort optimal gr\u00e2ce \u00e0 l\u2019assise ergonomique et au dossier l\u00e9g\u00e8rement incurv\u00e9, meuble haut de gamme con\u00e7u par Giandomenico Belotti pour Alias, alliant esth\u00e9tique, fonctionnalit\u00e9 et durabilit\u00e9, parfait pour espaces contemporains, minimalistes ou naturels, pi\u00e8ce iconique qui met en valeur le savoir-faire artisanal et la qualit\u00e9 des mat\u00e9riaux, id\u00e9al pour une utilisation quotidienne tout en conservant un style distinctif et moderne, soulignant l\u2019attention port\u00e9e aux finitions et aux d\u00e9tails. Ce tabouret compact de 44 x 49 x H 96 cm offre une pr\u00e9sence l\u00e9g\u00e8re et une int\u00e9gration harmonieuse dans tout int\u00e9rieur contemporain, salon ou coin bar, combinant confort, style et \u00e9l\u00e9gance."},{"@type":"BreadcrumbList","@id":"https:\/\/www.bel-oeil.com\/en\/produit\/paludis-counter-stool\/#breadcrumb","itemListElement":[{"@type":"ListItem","position":1,"name":"Accueil","item":"https:\/\/www.bel-oeil.com\/en\/"},{"@type":"ListItem","position":2,"name":"Products","item":"https:\/\/www.bel-oeil.com\/en\/shop\/"},{"@type":"ListItem","position":3,"name":"Paludis Counter Stool"}]},{"@type":"WebSite","@id":"https:\/\/www.bel-oeil.com\/en\/#website","url":"https:\/\/www.bel-oeil.com\/en\/","name":"Bel-\u0152il","description":"Born to Design","publisher":{"@id":"https:\/\/www.bel-oeil.com\/en\/#organization"},"potentialAction":[{"@type":"SearchAction","target":{"@type":"EntryPoint","urlTemplate":"https:\/\/www.bel-oeil.com\/en\/?s={search_term_string}"},"query-input":{"@type":"PropertyValueSpecification","valueRequired":true,"valueName":"search_term_string"}}],"inLanguage":"en-US"},{"@type":"Organization","@id":"https:\/\/www.bel-oeil.com\/en\/#organization","name":"Bel-\u0152il","url":"https:\/\/www.bel-oeil.com\/en\/","logo":{"@type":"ImageObject","inLanguage":"en-US","@id":"https:\/\/www.bel-oeil.com\/en\/#\/schema\/logo\/image\/","url":"https:\/\/www.bel-oeil.com\/wp-content\/uploads\/2021\/10\/logo-bel-oeil-blanc.svg","contentUrl":"https:\/\/www.bel-oeil.com\/wp-content\/uploads\/2021\/10\/logo-bel-oeil-blanc.svg","caption":"Bel-\u0152il"},"image":{"@id":"https:\/\/www.bel-oeil.com\/en\/#\/schema\/logo\/image\/"},"sameAs":["https:\/\/www.linkedin.com\/company\/beloeilinteriordesign\/"]}]}},"brands":[{"id":5354,"name":"Alias","slug":"alias"}],"_links":{"self":[{"href":"https:\/\/www.bel-oeil.com\/en\/wp-json\/wp\/v2\/product\/108396","targetHints":{"allow":["GET"]}}],"collection":[{"href":"https:\/\/www.bel-oeil.com\/en\/wp-json\/wp\/v2\/product"}],"about":[{"href":"https:\/\/www.bel-oeil.com\/en\/wp-json\/wp\/v2\/types\/product"}],"version-history":[{"count":0,"href":"https:\/\/www.bel-oeil.com\/en\/wp-json\/wp\/v2\/product\/108396\/revisions"}],"wp:featuredmedia":[{"embeddable":true,"href":"https:\/\/www.bel-oeil.com\/en\/wp-json\/wp\/v2\/media\/106633"}],"wp:attachment":[{"href":"https:\/\/www.bel-oeil.com\/en\/wp-json\/wp\/v2\/media?parent=108396"}],"wp:term":[{"taxonomy":"pwb-brand","embeddable":true,"href":"https:\/\/www.bel-oeil.com\/en\/wp-json\/wp\/v2\/pwb-brand?post=108396"},{"taxonomy":"product_brand","embeddable":true,"href":"https:\/\/www.bel-oeil.com\/en\/wp-json\/wp\/v2\/product_brand?post=108396"},{"taxonomy":"product_cat","embeddable":true,"href":"https:\/\/www.bel-oeil.com\/en\/wp-json\/wp\/v2\/product_cat?post=108396"},{"taxonomy":"product_tag","embeddable":true,"href":"https:\/\/www.bel-oeil.com\/en\/wp-json\/wp\/v2\/product_tag?post=108396"}],"curies":[{"name":"wp","href":"https:\/\/api.w.org\/{rel}","templated":true}]}}