{"id":108389,"date":"2025-07-03T12:14:52","date_gmt":"2025-07-03T10:14:52","guid":{"rendered":"https:\/\/www.bel-oeil.com\/produit\/stonehenge-stool\/"},"modified":"2025-07-03T12:14:52","modified_gmt":"2025-07-03T10:14:52","slug":"stonehenge-stool","status":"publish","type":"product","link":"https:\/\/www.bel-oeil.com\/en\/produit\/stonehenge-stool\/","title":{"rendered":"Stonehenge Stool"},"content":{"rendered":"<p data-start=\"96\" data-end=\"809\">The Stonehenge Stool, designed by Ludovica and Roberto Palomba for the brand Zanat, is inspired by the small traditional stools found in various cultures around the world. These simple, tactile objects attract through their direct connection with the hands and soul of their creator.<br data-start=\"405\" data-end=\"408\" \/>This stool combines sculptural arts and meticulous craftsmanship. Its shape may evoke Japanese, African, or Western influences. It speaks to our deep need for home and belonging.<br data-start=\"586\" data-end=\"589\" \/>Made with quality materials, it offers robustness and elegance. The Stonehenge Stool Palomba Zanat easily fits into a variety of interior styles, from contemporary to classic, bringing a touch of authenticity and warmth.<\/p>\n<p data-start=\"811\" data-end=\"875\">Discover it at our showroom in <a href=\"https:\/\/www.bel-oeil.com\/en\/contacts\/\">Nice \u2013 12 rue Emmanuel Philibert<\/a>.<\/p>\n","protected":false},"excerpt":{"rendered":"<p>Stonehenge Stool in walnut, design inspired by traditions.<br \/>\nRobust, elegant, and versatile.<\/p>\n<p>Dimensions: 43 x 34 x H 26 cm<\/p>\n<p>\u00a0<\/p>\n<p>Discover it at our showroom in <a href=\"https:\/\/www.bel-oeil.com\/en\/contacts\/\">Nice \u2013 12 rue Emmanuel Philibert<\/a>.<\/p>\n","protected":false},"featured_media":106828,"template":"","meta":{"inline_featured_image":false},"pwb-brand":[5395],"product_brand":[],"product_cat":[5334,5459],"product_tag":[5471],"class_list":{"0":"post-108389","1":"product","2":"type-product","3":"status-publish","4":"has-post-thumbnail","6":"pwb-brand-zanat","7":"product_cat-good-deals","8":"product_cat-stools","9":"product_tag-ludovica-roberto-palomba-en","11":"first","12":"instock","13":"sale","14":"taxable","15":"shipping-taxable","16":"purchasable","17":"product-type-simple"},"yoast_head":"<!-- This site is optimized with the Yoast SEO plugin v27.4 - https:\/\/yoast.com\/product\/yoast-seo-wordpress\/ -->\n<title>Stonehenge Stool Palomba Zanat | Bel \u0152il Nice<\/title>\n<meta name=\"description\" content=\"Stonehenge Stool by Ludovica and Roberto Palomba for Zanat. Design inspired by traditional stools, combining craftsmanship and aesthetics.\" \/>\n<meta name=\"robots\" content=\"index, follow, max-snippet:-1, max-image-preview:large, max-video-preview:-1\" \/>\n<link rel=\"canonical\" href=\"https:\/\/www.bel-oeil.com\/en\/produit\/stonehenge-stool\/\" \/>\n<meta name=\"twitter:label1\" content=\"Est. reading time\" \/>\n\t<meta name=\"twitter:data1\" content=\"1 minute\" \/>\n<script type=\"application\/ld+json\" class=\"yoast-schema-graph\">{\"@context\":\"https:\\\/\\\/schema.org\",\"@graph\":[{\"@type\":\"WebPage\",\"@id\":\"https:\\\/\\\/www.bel-oeil.com\\\/en\\\/produit\\\/stonehenge-stool\\\/\",\"url\":\"https:\\\/\\\/www.bel-oeil.com\\\/en\\\/produit\\\/stonehenge-stool\\\/\",\"name\":\"Stonehenge Stool Palomba Zanat | Bel \u0152il Nice\",\"isPartOf\":{\"@id\":\"https:\\\/\\\/www.bel-oeil.com\\\/en\\\/#website\"},\"primaryImageOfPage\":{\"@id\":\"https:\\\/\\\/www.bel-oeil.com\\\/en\\\/produit\\\/stonehenge-stool\\\/#primaryimage\"},\"image\":{\"@id\":\"https:\\\/\\\/www.bel-oeil.com\\\/en\\\/produit\\\/stonehenge-stool\\\/#primaryimage\"},\"thumbnailUrl\":\"https:\\\/\\\/www.bel-oeil.com\\\/wp-content\\\/uploads\\\/2025\\\/06\\\/Zanat-Stonehenge-1.jpg\",\"datePublished\":\"2025-07-03T10:14:52+00:00\",\"description\":\"Stonehenge Stool by Ludovica and Roberto Palomba for Zanat. Design inspired by traditional stools, combining craftsmanship and aesthetics.\",\"breadcrumb\":{\"@id\":\"https:\\\/\\\/www.bel-oeil.com\\\/en\\\/produit\\\/stonehenge-stool\\\/#breadcrumb\"},\"inLanguage\":\"en-US\",\"potentialAction\":[{\"@type\":\"ReadAction\",\"target\":[\"https:\\\/\\\/www.bel-oeil.com\\\/en\\\/produit\\\/stonehenge-stool\\\/\"]}]},{\"@type\":\"ImageObject\",\"inLanguage\":\"en-US\",\"@id\":\"https:\\\/\\\/www.bel-oeil.com\\\/en\\\/produit\\\/stonehenge-stool\\\/#primaryimage\",\"url\":\"https:\\\/\\\/www.bel-oeil.com\\\/wp-content\\\/uploads\\\/2025\\\/06\\\/Zanat-Stonehenge-1.jpg\",\"contentUrl\":\"https:\\\/\\\/www.bel-oeil.com\\\/wp-content\\\/uploads\\\/2025\\\/06\\\/Zanat-Stonehenge-1.jpg\",\"width\":1600,\"height\":1600,\"caption\":\"Tabouret Stonehenge Palomba Zanat en bois massif au design sculptural, alliant artisanat soign\u00e9 et influences culturelles vari\u00e9es pour un int\u00e9rieur authentique.\"},{\"@type\":\"BreadcrumbList\",\"@id\":\"https:\\\/\\\/www.bel-oeil.com\\\/en\\\/produit\\\/stonehenge-stool\\\/#breadcrumb\",\"itemListElement\":[{\"@type\":\"ListItem\",\"position\":1,\"name\":\"Accueil\",\"item\":\"https:\\\/\\\/www.bel-oeil.com\\\/en\\\/\"},{\"@type\":\"ListItem\",\"position\":2,\"name\":\"Products\",\"item\":\"https:\\\/\\\/www.bel-oeil.com\\\/en\\\/shop\\\/\"},{\"@type\":\"ListItem\",\"position\":3,\"name\":\"Stonehenge Stool\"}]},{\"@type\":\"WebSite\",\"@id\":\"https:\\\/\\\/www.bel-oeil.com\\\/en\\\/#website\",\"url\":\"https:\\\/\\\/www.bel-oeil.com\\\/en\\\/\",\"name\":\"Bel-\u0152il\",\"description\":\"Born to Design\",\"publisher\":{\"@id\":\"https:\\\/\\\/www.bel-oeil.com\\\/en\\\/#organization\"},\"potentialAction\":[{\"@type\":\"SearchAction\",\"target\":{\"@type\":\"EntryPoint\",\"urlTemplate\":\"https:\\\/\\\/www.bel-oeil.com\\\/en\\\/?s={search_term_string}\"},\"query-input\":{\"@type\":\"PropertyValueSpecification\",\"valueRequired\":true,\"valueName\":\"search_term_string\"}}],\"inLanguage\":\"en-US\"},{\"@type\":\"Organization\",\"@id\":\"https:\\\/\\\/www.bel-oeil.com\\\/en\\\/#organization\",\"name\":\"Bel-\u0152il\",\"url\":\"https:\\\/\\\/www.bel-oeil.com\\\/en\\\/\",\"logo\":{\"@type\":\"ImageObject\",\"inLanguage\":\"en-US\",\"@id\":\"https:\\\/\\\/www.bel-oeil.com\\\/en\\\/#\\\/schema\\\/logo\\\/image\\\/\",\"url\":\"https:\\\/\\\/www.bel-oeil.com\\\/wp-content\\\/uploads\\\/2021\\\/10\\\/logo-bel-oeil-blanc.svg\",\"contentUrl\":\"https:\\\/\\\/www.bel-oeil.com\\\/wp-content\\\/uploads\\\/2021\\\/10\\\/logo-bel-oeil-blanc.svg\",\"caption\":\"Bel-\u0152il\"},\"image\":{\"@id\":\"https:\\\/\\\/www.bel-oeil.com\\\/en\\\/#\\\/schema\\\/logo\\\/image\\\/\"},\"sameAs\":[\"https:\\\/\\\/www.linkedin.com\\\/company\\\/beloeilinteriordesign\\\/\"]}]}<\/script>\n<!-- \/ Yoast SEO plugin. -->","yoast_head_json":{"title":"Stonehenge Stool Palomba Zanat | Bel \u0152il Nice","description":"Stonehenge Stool by Ludovica and Roberto Palomba for Zanat. Design inspired by traditional stools, combining craftsmanship and aesthetics.","robots":{"index":"index","follow":"follow","max-snippet":"max-snippet:-1","max-image-preview":"max-image-preview:large","max-video-preview":"max-video-preview:-1"},"canonical":"https:\/\/www.bel-oeil.com\/en\/produit\/stonehenge-stool\/","twitter_misc":{"Est. reading time":"1 minute"},"schema":{"@context":"https:\/\/schema.org","@graph":[{"@type":"WebPage","@id":"https:\/\/www.bel-oeil.com\/en\/produit\/stonehenge-stool\/","url":"https:\/\/www.bel-oeil.com\/en\/produit\/stonehenge-stool\/","name":"Stonehenge Stool Palomba Zanat | Bel \u0152il Nice","isPartOf":{"@id":"https:\/\/www.bel-oeil.com\/en\/#website"},"primaryImageOfPage":{"@id":"https:\/\/www.bel-oeil.com\/en\/produit\/stonehenge-stool\/#primaryimage"},"image":{"@id":"https:\/\/www.bel-oeil.com\/en\/produit\/stonehenge-stool\/#primaryimage"},"thumbnailUrl":"https:\/\/www.bel-oeil.com\/wp-content\/uploads\/2025\/06\/Zanat-Stonehenge-1.jpg","datePublished":"2025-07-03T10:14:52+00:00","description":"Stonehenge Stool by Ludovica and Roberto Palomba for Zanat. Design inspired by traditional stools, combining craftsmanship and aesthetics.","breadcrumb":{"@id":"https:\/\/www.bel-oeil.com\/en\/produit\/stonehenge-stool\/#breadcrumb"},"inLanguage":"en-US","potentialAction":[{"@type":"ReadAction","target":["https:\/\/www.bel-oeil.com\/en\/produit\/stonehenge-stool\/"]}]},{"@type":"ImageObject","inLanguage":"en-US","@id":"https:\/\/www.bel-oeil.com\/en\/produit\/stonehenge-stool\/#primaryimage","url":"https:\/\/www.bel-oeil.com\/wp-content\/uploads\/2025\/06\/Zanat-Stonehenge-1.jpg","contentUrl":"https:\/\/www.bel-oeil.com\/wp-content\/uploads\/2025\/06\/Zanat-Stonehenge-1.jpg","width":1600,"height":1600,"caption":"Tabouret Stonehenge Palomba Zanat en bois massif au design sculptural, alliant artisanat soign\u00e9 et influences culturelles vari\u00e9es pour un int\u00e9rieur authentique."},{"@type":"BreadcrumbList","@id":"https:\/\/www.bel-oeil.com\/en\/produit\/stonehenge-stool\/#breadcrumb","itemListElement":[{"@type":"ListItem","position":1,"name":"Accueil","item":"https:\/\/www.bel-oeil.com\/en\/"},{"@type":"ListItem","position":2,"name":"Products","item":"https:\/\/www.bel-oeil.com\/en\/shop\/"},{"@type":"ListItem","position":3,"name":"Stonehenge Stool"}]},{"@type":"WebSite","@id":"https:\/\/www.bel-oeil.com\/en\/#website","url":"https:\/\/www.bel-oeil.com\/en\/","name":"Bel-\u0152il","description":"Born to Design","publisher":{"@id":"https:\/\/www.bel-oeil.com\/en\/#organization"},"potentialAction":[{"@type":"SearchAction","target":{"@type":"EntryPoint","urlTemplate":"https:\/\/www.bel-oeil.com\/en\/?s={search_term_string}"},"query-input":{"@type":"PropertyValueSpecification","valueRequired":true,"valueName":"search_term_string"}}],"inLanguage":"en-US"},{"@type":"Organization","@id":"https:\/\/www.bel-oeil.com\/en\/#organization","name":"Bel-\u0152il","url":"https:\/\/www.bel-oeil.com\/en\/","logo":{"@type":"ImageObject","inLanguage":"en-US","@id":"https:\/\/www.bel-oeil.com\/en\/#\/schema\/logo\/image\/","url":"https:\/\/www.bel-oeil.com\/wp-content\/uploads\/2021\/10\/logo-bel-oeil-blanc.svg","contentUrl":"https:\/\/www.bel-oeil.com\/wp-content\/uploads\/2021\/10\/logo-bel-oeil-blanc.svg","caption":"Bel-\u0152il"},"image":{"@id":"https:\/\/www.bel-oeil.com\/en\/#\/schema\/logo\/image\/"},"sameAs":["https:\/\/www.linkedin.com\/company\/beloeilinteriordesign\/"]}]}},"brands":[{"id":5395,"name":"Zanat","slug":"zanat"}],"_links":{"self":[{"href":"https:\/\/www.bel-oeil.com\/en\/wp-json\/wp\/v2\/product\/108389","targetHints":{"allow":["GET"]}}],"collection":[{"href":"https:\/\/www.bel-oeil.com\/en\/wp-json\/wp\/v2\/product"}],"about":[{"href":"https:\/\/www.bel-oeil.com\/en\/wp-json\/wp\/v2\/types\/product"}],"version-history":[{"count":0,"href":"https:\/\/www.bel-oeil.com\/en\/wp-json\/wp\/v2\/product\/108389\/revisions"}],"wp:featuredmedia":[{"embeddable":true,"href":"https:\/\/www.bel-oeil.com\/en\/wp-json\/wp\/v2\/media\/106828"}],"wp:attachment":[{"href":"https:\/\/www.bel-oeil.com\/en\/wp-json\/wp\/v2\/media?parent=108389"}],"wp:term":[{"taxonomy":"pwb-brand","embeddable":true,"href":"https:\/\/www.bel-oeil.com\/en\/wp-json\/wp\/v2\/pwb-brand?post=108389"},{"taxonomy":"product_brand","embeddable":true,"href":"https:\/\/www.bel-oeil.com\/en\/wp-json\/wp\/v2\/product_brand?post=108389"},{"taxonomy":"product_cat","embeddable":true,"href":"https:\/\/www.bel-oeil.com\/en\/wp-json\/wp\/v2\/product_cat?post=108389"},{"taxonomy":"product_tag","embeddable":true,"href":"https:\/\/www.bel-oeil.com\/en\/wp-json\/wp\/v2\/product_tag?post=108389"}],"curies":[{"name":"wp","href":"https:\/\/api.w.org\/{rel}","templated":true}]}}